

{"id":1726,"date":"2021-01-13T20:26:26","date_gmt":"2021-01-13T20:26:26","guid":{"rendered":"https:\/\/www.legal-tech-tipps.de\/anwalt\/?page_id=1726"},"modified":"2025-12-17T13:48:14","modified_gmt":"2025-12-17T13:48:14","slug":"impressum","status":"publish","type":"page","link":"https:\/\/www.legal-tech-tipps.de\/anwalt\/impressum\/","title":{"rendered":"Impressum"},"content":{"rendered":"<p style=\"text-align: justify;\"><strong>legal-tech-tipps.de<\/strong> ist ein Service-Angebot der Anwaltskanzlei Dr. Ricke in Berlin<br \/>\n(Beratungsbereich <a href=\"http:\/\/www.balanceplanner.com\" target=\"_blank\" rel=\"noopener noreferrer\"><strong>balanceplanner<\/strong>)<\/a>:<\/p>\n<p><strong><br \/>\nAnwaltskanzlei Dr. Ricke<\/strong><br \/>\nInhaber: Rechtsanwalt Dr. Stefan Ricke, MBA<br \/>\nBeratungsbereich <strong>balanceplanner<\/strong><br \/>\nDircksenstr. 52<br \/>\nD-10178 Berlin-Mitte<\/p>\n<p style=\"text-align: justify;\"><strong><a href=\"http:\/\/www.legal-tech-tipps.de\">www.legal-tech-tipps.de<\/a><\/strong><\/p>\n<p style=\"text-align: justify;\"><strong>Telefon +49 (0)30 &#8211; 311 69 85 95<\/strong><br \/>\nTelefax +49 (0)30 &#8211; 311 69 85 96<\/p>\n<p style=\"text-align: justify;\">Mobil +49(0)179 &#8211; 114 68 85<\/p>\n<p style=\"text-align: justify;\">E-Mail <strong><a href=\"mailto:info@balanceplanner.com\">info@balanceplanner.com<\/a><\/strong><\/p>\n<p style=\"text-align: justify;\">Bei einer Kommunikation per E-Mail sind die \u00fcbermittelten Daten dem allgemeinen Risiko einer nicht vollst\u00e4ndig verschl\u00fcsselten E-Mail-Kommunikation (keine Ende-zu-Ende-Verschl\u00fcsselung) ausgesetzt. Wir bieten Ende-zu-Ende-Verschl\u00fcsselung an. Falls Sie eine solche w\u00fcnschen, teilen Sie uns dies bitte, am besten telefonisch, mit.<\/p>\n<p>&nbsp;<\/p>\n<p><strong>Tipps: Eigenprodukt, Kooperationsprodukt oder Fremdprodukt<\/strong><\/p>\n<p>Produkte, die als <em>Eigenprodukt<\/em> bezeichnet sind, werden vom Anbieter dieser Website angeboten.<\/p>\n<p>Produkte, die als <em>Kooperationsprodukt<\/em> bezeichnet sind, werden von Dritten in werblicher Kooperation mit dem Anbieter dieser Website angeboten.<\/p>\n<p>Produkte, die als <em>Fremdprodukt<\/em> bezeichnet sind, werden von Dritten angeboten.<\/p>\n<p><a href=\"http:\/\/www.anawalto.de\/\" target=\"_blank\" rel=\"noopener noreferrer\"><br \/>\n<\/a><strong>Kammerzugeh\u00f6rigkeit und Berufsbezeichung:<\/strong><\/p>\n<p style=\"text-align: justify;\">Rechtsanwalt Dr. Stefan Ricke ist Mitglied der Rechtsanwaltskammer Berlin, Littenstr. 9, 10179 Berlin, die &#8211; betreffend den Status als Rechtsanwalt &#8211; auch die zust\u00e4ndige Aufsichtsbeh\u00f6rde ist.<\/p>\n<p style=\"text-align: justify;\">Gesetzliche Berufsbezeichnung: Rechtsanwalt, Bundesrepublik Deutschland<\/p>\n<p style=\"text-align: justify;\"><strong><br \/>\nUmsatzsteueridentifikationsnummer:<\/strong> DE171846422<\/p>\n<p>&nbsp;<\/p>\n<p style=\"text-align: justify;\"><strong><a href=\"http:\/\/www.brak.de\/fuer-anwaelte\/berufsrecht\/\" target=\"_blank\" rel=\"noopener noreferrer\">Berufsrechtliche Regelungen<\/a>:<\/strong><\/p>\n<p style=\"text-align: justify;\">Bundesrechtsanwaltsordnung <a href=\"http:\/\/www.brak.de\/fuer-anwaelte\/berufsrecht\/\" target=\"_blank\" rel=\"noopener noreferrer\">BRAO<\/a><br \/>\nBerufsordnung der Rechtsanw\u00e4lte <a href=\"http:\/\/www.brak.de\/fuer-anwaelte\/berufsrecht\/\" target=\"_blank\" rel=\"noopener noreferrer\">BORA<\/a><br \/>\nFachanwaltsordnung <a href=\"http:\/\/www.brak.de\/fuer-anwaelte\/berufsrecht\/\" target=\"_blank\" rel=\"noopener noreferrer\">FAO<\/a><br \/>\nRechtsanwaltsverg\u00fctungsgesetz <a href=\"http:\/\/www.brak.de\/fuer-anwaelte\/berufsrecht\/\" target=\"_blank\" rel=\"noopener noreferrer\"> RVG<\/a><br \/>\nBerufsregeln der Rechtsanw\u00e4lte der Europ\u00e4ischen Union <a href=\"http:\/\/www.brak.de\/fuer-anwaelte\/berufsrecht\/\" target=\"_blank\" rel=\"noopener noreferrer\">CCBE-Berufsregeln<\/a><br \/>\n<a href=\"http:\/\/www.brak.de\/fuer-anwaelte\/berufsrecht\/\" target=\"_blank\" rel=\"noopener noreferrer\">Berufsrechtliche Erg\u00e4nzungen<\/a> zum Geldw\u00e4schebek\u00e4mpfungsgesetz (GwG)<br \/>\n<a href=\"http:\/\/www.brak.de\/fuer-anwaelte\/berufsrecht\/\" target=\"_blank\" rel=\"noopener noreferrer\">Verordnung<\/a> \u00fcber die Rechtsanwaltsverzeichnisse<br \/>\nund die besonderen elektronischen Anwaltspostf\u00e4cher<\/p>\n<p style=\"text-align: justify;\"><b><br \/>\n<\/b><strong>Inhaltlich Verantwortlicher:<\/strong><\/p>\n<p style=\"text-align: justify;\">Dr. Stefan Ricke (Anschrift wie oben)<\/p>\n<p>&nbsp;<\/p>\n<p style=\"text-align: justify;\"><strong>Berufshaftpflichtversicherung:<\/strong><\/p>\n<p>Dialog Versicherung AG, Adenauerring 7, 81737 M\u00fcnchen, vertreten durch die AFB GmbH, Kaistr. 13, 40221 D\u00fcsseldorf<\/p>\n<p style=\"text-align: justify;\">R\u00e4umlicher Geltungsbereich: Europaweit f\u00fcr Kanzleien und B\u00fcros, die in der Bundesrepublik Deutschland eingerichtet sind oder unterhalten werden<\/p>\n<p>&nbsp;<\/p>\n<p>&nbsp;<\/p>\n<p><strong>HAFTUNGSHINWEIS:<\/strong><\/p>\n<p style=\"text-align: justify;\">Trotz sorgf\u00e4ltiger inhaltlicher Kontrolle \u00fcbernimmt die Anwaltskanzlei Dr. Ricke, Berlin, keine Haftung f\u00fcr die Inhalte externer Websites, auf die diese Website direkt oder indirekt verweist. F\u00fcr den Inhalt der verlinkten Seiten sind ausschlie\u00dflich deren Betreiber verantwortlich.<\/p>\n","protected":false},"excerpt":{"rendered":"<p>legal-tech-tipps.de ist ein Service-Angebot der Anwaltskanzlei Dr. Ricke in Berlin (Beratungsbereich balanceplanner): Anwaltskanzlei Dr. Ricke Inhaber: Rechtsanwalt Dr. Stefan Ricke, MBA Beratungsbereich balanceplanner Dircksenstr. 52 D-10178 Berlin-Mitte www.legal-tech-tipps.de Telefon +49 (0)30 &#8211; 311 69 85 95 Telefax +49 (0)30 &#8211; 311 69 85 96 Mobil +49(0)179 &#8211; 114 68 85 E-Mail info@balanceplanner.com Bei einer Kommunikation [&hellip;]<\/p>\n","protected":false},"author":1,"featured_media":0,"parent":0,"menu_order":0,"comment_status":"closed","ping_status":"closed","template":"","meta":{"footnotes":""},"yoast_head":"<!-- This site is optimized with the Yoast SEO plugin v17.8 - https:\/\/yoast.com\/wordpress\/plugins\/seo\/ -->\n<meta name=\"robots\" content=\"index, follow, max-snippet:-1, max-image-preview:large, max-video-preview:-1\" \/>\n<link rel=\"canonical\" href=\"https:\/\/www.legal-tech-tipps.de\/anwalt\/impressum\/\" \/>\n<meta name=\"twitter:label1\" content=\"Gesch\u00e4tzte Lesezeit\" \/>\n\t<meta name=\"twitter:data1\" content=\"1 Minute\" \/>\n<script type=\"application\/ld+json\" class=\"yoast-schema-graph\">{\"@context\":\"https:\/\/schema.org\",\"@graph\":[{\"@type\":\"WebSite\",\"@id\":\"https:\/\/www.legal-tech-tipps.de\/anwalt\/#website\",\"url\":\"https:\/\/www.legal-tech-tipps.de\/anwalt\/\",\"name\":\"Legal-Tech-Tipps f\\u00fcr Anw\\u00e4lte\",\"description\":\"\",\"potentialAction\":[{\"@type\":\"SearchAction\",\"target\":{\"@type\":\"EntryPoint\",\"urlTemplate\":\"https:\/\/www.legal-tech-tipps.de\/anwalt\/?s={search_term_string}\"},\"query-input\":\"required name=search_term_string\"}],\"inLanguage\":\"de-DE\"},{\"@type\":\"WebPage\",\"@id\":\"https:\/\/www.legal-tech-tipps.de\/anwalt\/impressum\/#webpage\",\"url\":\"https:\/\/www.legal-tech-tipps.de\/anwalt\/impressum\/\",\"name\":\"Impressum - Legal-Tech-Tipps f\\u00fcr Anw\\u00e4lte\",\"isPartOf\":{\"@id\":\"https:\/\/www.legal-tech-tipps.de\/anwalt\/#website\"},\"datePublished\":\"2021-01-13T20:26:26+00:00\",\"dateModified\":\"2025-12-17T13:48:14+00:00\",\"breadcrumb\":{\"@id\":\"https:\/\/www.legal-tech-tipps.de\/anwalt\/impressum\/#breadcrumb\"},\"inLanguage\":\"de-DE\",\"potentialAction\":[{\"@type\":\"ReadAction\",\"target\":[\"https:\/\/www.legal-tech-tipps.de\/anwalt\/impressum\/\"]}]},{\"@type\":\"BreadcrumbList\",\"@id\":\"https:\/\/www.legal-tech-tipps.de\/anwalt\/impressum\/#breadcrumb\",\"itemListElement\":[{\"@type\":\"ListItem\",\"position\":1,\"name\":\"\\u00dcbersicht\",\"item\":\"https:\/\/www.legal-tech-tipps.de\/anwalt\/\"},{\"@type\":\"ListItem\",\"position\":2,\"name\":\"Impressum\"}]}]}<\/script>\n<!-- \/ Yoast SEO plugin. -->","yoast_head_json":{"robots":{"index":"index","follow":"follow","max-snippet":"max-snippet:-1","max-image-preview":"max-image-preview:large","max-video-preview":"max-video-preview:-1"},"canonical":"https:\/\/www.legal-tech-tipps.de\/anwalt\/impressum\/","twitter_misc":{"Gesch\u00e4tzte Lesezeit":"1 Minute"},"schema":{"@context":"https:\/\/schema.org","@graph":[{"@type":"WebSite","@id":"https:\/\/www.legal-tech-tipps.de\/anwalt\/#website","url":"https:\/\/www.legal-tech-tipps.de\/anwalt\/","name":"Legal-Tech-Tipps f\u00fcr Anw\u00e4lte","description":"","potentialAction":[{"@type":"SearchAction","target":{"@type":"EntryPoint","urlTemplate":"https:\/\/www.legal-tech-tipps.de\/anwalt\/?s={search_term_string}"},"query-input":"required name=search_term_string"}],"inLanguage":"de-DE"},{"@type":"WebPage","@id":"https:\/\/www.legal-tech-tipps.de\/anwalt\/impressum\/#webpage","url":"https:\/\/www.legal-tech-tipps.de\/anwalt\/impressum\/","name":"Impressum - Legal-Tech-Tipps f\u00fcr Anw\u00e4lte","isPartOf":{"@id":"https:\/\/www.legal-tech-tipps.de\/anwalt\/#website"},"datePublished":"2021-01-13T20:26:26+00:00","dateModified":"2025-12-17T13:48:14+00:00","breadcrumb":{"@id":"https:\/\/www.legal-tech-tipps.de\/anwalt\/impressum\/#breadcrumb"},"inLanguage":"de-DE","potentialAction":[{"@type":"ReadAction","target":["https:\/\/www.legal-tech-tipps.de\/anwalt\/impressum\/"]}]},{"@type":"BreadcrumbList","@id":"https:\/\/www.legal-tech-tipps.de\/anwalt\/impressum\/#breadcrumb","itemListElement":[{"@type":"ListItem","position":1,"name":"\u00dcbersicht","item":"https:\/\/www.legal-tech-tipps.de\/anwalt\/"},{"@type":"ListItem","position":2,"name":"Impressum"}]}]}},"_links":{"self":[{"href":"https:\/\/www.legal-tech-tipps.de\/anwalt\/wp-json\/wp\/v2\/pages\/1726"}],"collection":[{"href":"https:\/\/www.legal-tech-tipps.de\/anwalt\/wp-json\/wp\/v2\/pages"}],"about":[{"href":"https:\/\/www.legal-tech-tipps.de\/anwalt\/wp-json\/wp\/v2\/types\/page"}],"author":[{"embeddable":true,"href":"https:\/\/www.legal-tech-tipps.de\/anwalt\/wp-json\/wp\/v2\/users\/1"}],"replies":[{"embeddable":true,"href":"https:\/\/www.legal-tech-tipps.de\/anwalt\/wp-json\/wp\/v2\/comments?post=1726"}],"version-history":[{"count":14,"href":"https:\/\/www.legal-tech-tipps.de\/anwalt\/wp-json\/wp\/v2\/pages\/1726\/revisions"}],"predecessor-version":[{"id":1782,"href":"https:\/\/www.legal-tech-tipps.de\/anwalt\/wp-json\/wp\/v2\/pages\/1726\/revisions\/1782"}],"wp:attachment":[{"href":"https:\/\/www.legal-tech-tipps.de\/anwalt\/wp-json\/wp\/v2\/media?parent=1726"}],"curies":[{"name":"wp","href":"https:\/\/api.w.org\/{rel}","templated":true}]}}