

{"id":1609,"date":"2020-07-18T07:42:54","date_gmt":"2020-07-18T07:42:54","guid":{"rendered":"https:\/\/www.legal-tech-tipps.de\/anwalt\/?page_id=1609"},"modified":"2022-10-21T12:06:20","modified_gmt":"2022-10-21T12:06:20","slug":"datenschutz","status":"publish","type":"page","link":"https:\/\/www.legal-tech-tipps.de\/anwalt\/datenschutz\/","title":{"rendered":"Datenschutzerkl\u00e4rung"},"content":{"rendered":"<p><strong><br \/>\n1. Erhebung, Verwendung und Verarbeitung personenbezogener Daten<\/strong><\/p>\n<p class=\"bodytext\">1.1 Sie k\u00f6nnen die Webseite <strong><a href=\"http:\/\/www.legal-tech-tipps.de\" target=\"_blank\" rel=\"noopener noreferrer\">www.legal-tech-tipps.de<\/a><\/strong>, benutzen, ohne Angaben zu Ihrer Person zu machen.<\/p>\n<p class=\"bodytext\">1.2 Wir verwenden Ihre, z.B. per E-Mail \u00fcbermittelten, personenbezogenen Daten ohne gesonderte Einwilligung (gem\u00e4\u00df Artikel 6 Absatz 1 Satz 1 Buchstabe a) Datenschutzgrundverordnung (DSGVO)) ausschlie\u00dflich zur Beantwortung und Abwicklung Ihrer Anfrage und zur Vertragserf\u00fcllung (z.B. Vertragsbegr\u00fcndung, Vertragsdurchf\u00fchrung sowie Abrechnungszwecke) auf der Grundlage von Artikel 6 Absatz 1 Satz 1 Buchstabe b) DSGVO.<\/p>\n<p>1.3 Wir l\u00f6schen Ihre Daten nach vollst\u00e4ndiger Erledigung Ihrer Anfrage bzw. nach vollst\u00e4ndiger Beendigung der vertraglichen Beziehung und nach Ende der gesetzlichen Aufbewahrungsfristen (<a href=\"https:\/\/www.gesetze-im-internet.de\/hgb\/__257.html\" target=\"_blank\" rel=\"noopener noreferrer\">\u00a7 257 HGB<\/a> \/ <a href=\"https:\/\/www.gesetze-im-internet.de\/ao_1977\/__147.html\" target=\"_blank\" rel=\"noopener noreferrer\">\u00a7 147 AO<\/a> \/ <a href=\"https:\/\/www.gesetze-im-internet.de\/ustg_1980\/__14b.html\" target=\"_blank\" rel=\"noopener noreferrer\">\u00a7 14b UStG<\/a>).<\/p>\n<p><strong><br \/>\n2.<\/strong> <strong>Weitergabe personenbezogener Daten <\/strong><\/p>\n<p>Eine Weitergabe Ihrer Daten an Dritte erfolgt nur, wenn:<\/p>\n<p>&#8211; Sie nach Artikel 6 Absatz 1 Satz 1 Buchstabe a) DSGVO hierzu eine ausdr\u00fcckliche Einwilligung erteilt haben,<\/p>\n<p>&#8211; dies nach Artikel 6 Absatz 1 Satz 1 Buchstabe b) DSGVO zur Durchf\u00fchrung vorvertraglicher Ma\u00dfnahmen oder eines Vertrages mit Ihnen erforderlich bzw. zul\u00e4ssig ist, z.B. soweit Daten durch Dritte innerhalb der Europ\u00e4ischen Union im Auftrag\u00a0 verarbeitet werden,<\/p>\n<p>&#8211; dies zur Erf\u00fcllung einer rechtlichen Verpflichtung nach Artikel 6 Absatz 1 Satz 1 Buchstabe c) DSGVO erforderlich ist,<\/p>\n<p>&#8211; dies zur Wahrung berechtigter Interessen nach Artikel 6 Absatz 1 Satz 1 Buchstabe f) DSGVO, z.B. zur Geltendmachung oder Verteidigung von Rechtsanspr\u00fcchen, erforderlich ist, es sei denn, Ihre \u00fcberwiegenden schutzw\u00fcrdigen Interessen, Grundrechte und Grundfreiheiten stehen diesem entgegen.<\/p>\n<p><strong><br \/>\n3. Datensicherheit<\/strong><\/p>\n<p>3.1 Wir sichern unsere Website und sonstigen Systeme durch technische und organisatorische Ma\u00dfnahmen gegen Verlust, Zerst\u00f6rung, Zugriff, Ver\u00e4nderung oder Verbreitung Ihrer Daten durch unbefugte Personen.<\/p>\n<p>3.2 Sie erkennen an dem Symbol eines geschlossenen Vorh\u00e4ngeschlosses links in der Eingabezeile Ihres Internet-Browsers, ob die jeweils aufgerufene Seite verschl\u00fcsselt \u00fcbertragen wird.<\/p>\n<p>3.3 Bei einer Kommunikation per E-Mail sind die \u00fcbermittelten Daten dem allgemeinen Risiko einer nicht vollst\u00e4ndig verschl\u00fcsselten E-Mail-Kommunikation (keine Ende-zu-Ende-Verschl\u00fcsselung) ausgesetzt. Wir bieten Ende-zu-Ende-Verschl\u00fcsselung an. Falls Sie eine solche w\u00fcnschen, teilen Sie uns dies bitte, am besten telefonisch, mit.<\/p>\n<p><strong><br \/>\n4. Auswertung von Zugriffsdaten<\/strong><\/p>\n<p class=\"bodytext\">Zugriffe auf die Website <strong><a href=\"http:\/\/www.legal-tech-tipps.de\" data-htmlarea-external=\"1\">www.legal-tech-tipps.de<\/a><\/strong> werden serverseitig in Form von Nutzungsdaten (IP-Adresse des Routers &#8211; Datum und Uhrzeit des Zugriffs &#8211; Name und Internet-Adresse der abgerufenen Dateien &#8211; Website, von der der Zugriff erfolgt (sogenannte Referrer-URL) &#8211; verwendeter Browser &#8211; Betriebssystem &#8211; Name des Access-Providers), gegebenenfalls auf Basis von Artikel 6 Absatz 1 Satz 1 Buchstabe f) DSGVO, zu Zwecken von Systemsicherheit und -stabilit\u00e4t und stetigen Optimierung unseres Webangebots anonym ausgewertet und die Nutzungsdaten sodann gel\u00f6scht.<\/p>\n<p>&nbsp;<\/p>\n<p><strong>5. Widerruf von Einwilligungen<\/strong><\/p>\n<p>Wir weisen Sie darauf hin, dass Sie Ihre (zum Beispiel elektronisch erteilten) Einwilligungen in die Erhebung, Verwendung und Verarbeitung personenbezogener Daten jederzeit mit Wirkung f\u00fcr die Zukunft widerrufen k\u00f6nnen (Artikel 7 Absatz 3 DSGVO). Durch den Widerruf der Einwilligung wird die Rechtm\u00e4\u00dfigkeit der aufgrund der Einwilligung bis zum Widerruf erfolgten Verarbeitung nicht ber\u00fchrt.<\/p>\n<p><strong><br \/>\n6. <\/strong><strong>Auskunftsrecht und sonstige Rechte<\/strong><\/p>\n<p>Nach der Datenschutzgrundverordnung (DSGVO) haben Sie ein Recht auf unentgeltliche Auskunft \u00fcber Ihre gespeicherten Daten (Artikel 15 DSGVO) sowie ein Recht auf Berichtigung (Artikel 16 DSGVO), L\u00f6schung (Artikel 17 DSGVO), Einschr\u00e4nkung der Verarbeitung (Artikel 18 DSGVO) sowie ein Recht auf Daten\u00fcbertragbarkeit (Artikel 20 DSGVO) dieser Daten.<\/p>\n<p><strong><br \/>\n7<em>. Widerspruchsrecht<\/em><br \/>\n<\/strong><\/p>\n<p><em>Dar\u00fcber hinaus haben Sie das Recht, aus Gr\u00fcnden, die sich aus Ihrer besonderen Situation ergeben, jederzeit gegen die Verarbeitung Sie betreffender personenbezogener Daten, die aufgrund von Artikel 6 Absatz 1 Satz 1 Buchstabe e) DSGVO (Verarbeitung von Daten im \u00f6ffentlichen Interesse) oder aufgrund von Artikel 6 Absatz 1 Satz 1 Buchstabe f) DSGVO (Verarbeitung von Daten auf Grundlage einer Interessenabw\u00e4gung) erfolgt, Widerspruch einzulegen (Artikel 21 DSGVO). In diesem Fall k\u00f6nnen jedoch zwingende schutzw\u00fcrdige Gr\u00fcnde f\u00fcr die Verarbeitung, die Ihre Interessen, Rechte und Freiheiten \u00fcberwiegen, oder die Verarbeitung dient der Geltendmachung, Aus\u00fcbung oder Verteidigung von Rechtsanspr\u00fcchen, zur weiteren Verarbeitung f\u00fchren.<\/em><\/p>\n<p><strong><br \/>\n8. Automatisierte Entscheidungsfindung im Einzelfall<br \/>\n<\/strong><\/p>\n<p>Eine automatisierte Entscheidungsfindung im Einzelfall (einschlie\u00dflich Profiling) besteht nicht.<\/p>\n<p><strong><br \/>\n9. Beschwerderecht bei einer Aufsichtsbeh\u00f6rde<\/strong><\/p>\n<p>Sie haben ein Beschwerderecht bei der zust\u00e4ndigen Aufsichtsbeh\u00f6rde (Artikel 77 DSGVO).<\/p>\n<p><strong><br \/>\n10. Verantwortlicher f\u00fcr die Datenverarbeitung<\/strong><\/p>\n<p>Anwaltskanzlei Dr. Ricke<\/p>\n<p>Beratungsbereich balanceplanner.com<\/p>\n<p class=\"bodytext\">Herrn Rechtsanwalt Dr. Stefan Ricke<\/p>\n<p>Dircksenstr. 52<\/p>\n<p>D-10178 Berlin<\/p>\n<p>Tel. 030 &#8211; 311 69 85 95<\/p>\n<p><strong><a href=\"mailto:info@balanceplanner.com\">info(at)balanceplanner.com<\/a><\/strong><\/p>\n<p>Weitere Einzelheiten zum Verantwortlichen finden Sie im <strong><a href=\"https:\/\/www.legal-tech-tipps.de\/anwalt\/impressum\/\" target=\"_blank\" rel=\"noopener noreferrer\">Impressum<\/a><\/strong>.<\/p>\n<p><strong><br \/>\n11. Text der Datenschutzgrundverordnung<\/strong><\/p>\n<p>Den vollst\u00e4ndigen Text der Datenschutzgrundverordnung (DSGVO) finden Sie <strong><a href=\"https:\/\/eur-lex.europa.eu\/legal-content\/DE\/TXT\/?qid=1529564149242&amp;uri=CELEX:02016R0679-20160504\" data-htmlarea-external=\"1\">hier<\/a><\/strong>.<\/p>\n","protected":false},"excerpt":{"rendered":"<p>1. Erhebung, Verwendung und Verarbeitung personenbezogener Daten 1.1 Sie k\u00f6nnen die Webseite www.legal-tech-tipps.de, benutzen, ohne Angaben zu Ihrer Person zu machen. 1.2 Wir verwenden Ihre, z.B. per E-Mail \u00fcbermittelten, personenbezogenen Daten ohne gesonderte Einwilligung (gem\u00e4\u00df Artikel 6 Absatz 1 Satz 1 Buchstabe a) Datenschutzgrundverordnung (DSGVO)) ausschlie\u00dflich zur Beantwortung und Abwicklung Ihrer Anfrage und zur Vertragserf\u00fcllung [&hellip;]<\/p>\n","protected":false},"author":3,"featured_media":0,"parent":0,"menu_order":0,"comment_status":"closed","ping_status":"closed","template":"","meta":{"footnotes":""},"yoast_head":"<!-- This site is optimized with the Yoast SEO plugin v17.8 - https:\/\/yoast.com\/wordpress\/plugins\/seo\/ -->\n<meta name=\"robots\" content=\"index, follow, max-snippet:-1, max-image-preview:large, max-video-preview:-1\" \/>\n<link rel=\"canonical\" href=\"https:\/\/www.legal-tech-tipps.de\/anwalt\/datenschutz\/\" \/>\n<meta name=\"twitter:label1\" content=\"Gesch\u00e4tzte Lesezeit\" \/>\n\t<meta name=\"twitter:data1\" content=\"3 Minuten\" \/>\n<script type=\"application\/ld+json\" class=\"yoast-schema-graph\">{\"@context\":\"https:\/\/schema.org\",\"@graph\":[{\"@type\":\"WebSite\",\"@id\":\"https:\/\/www.legal-tech-tipps.de\/anwalt\/#website\",\"url\":\"https:\/\/www.legal-tech-tipps.de\/anwalt\/\",\"name\":\"Legal-Tech-Tipps f\\u00fcr Anw\\u00e4lte\",\"description\":\"\",\"potentialAction\":[{\"@type\":\"SearchAction\",\"target\":{\"@type\":\"EntryPoint\",\"urlTemplate\":\"https:\/\/www.legal-tech-tipps.de\/anwalt\/?s={search_term_string}\"},\"query-input\":\"required name=search_term_string\"}],\"inLanguage\":\"de-DE\"},{\"@type\":\"WebPage\",\"@id\":\"https:\/\/www.legal-tech-tipps.de\/anwalt\/datenschutz\/#webpage\",\"url\":\"https:\/\/www.legal-tech-tipps.de\/anwalt\/datenschutz\/\",\"name\":\"Datenschutzerkl\\u00e4rung - Legal-Tech-Tipps f\\u00fcr Anw\\u00e4lte\",\"isPartOf\":{\"@id\":\"https:\/\/www.legal-tech-tipps.de\/anwalt\/#website\"},\"datePublished\":\"2020-07-18T07:42:54+00:00\",\"dateModified\":\"2022-10-21T12:06:20+00:00\",\"breadcrumb\":{\"@id\":\"https:\/\/www.legal-tech-tipps.de\/anwalt\/datenschutz\/#breadcrumb\"},\"inLanguage\":\"de-DE\",\"potentialAction\":[{\"@type\":\"ReadAction\",\"target\":[\"https:\/\/www.legal-tech-tipps.de\/anwalt\/datenschutz\/\"]}]},{\"@type\":\"BreadcrumbList\",\"@id\":\"https:\/\/www.legal-tech-tipps.de\/anwalt\/datenschutz\/#breadcrumb\",\"itemListElement\":[{\"@type\":\"ListItem\",\"position\":1,\"name\":\"\\u00dcbersicht\",\"item\":\"https:\/\/www.legal-tech-tipps.de\/anwalt\/\"},{\"@type\":\"ListItem\",\"position\":2,\"name\":\"Datenschutzerkl\\u00e4rung\"}]}]}<\/script>\n<!-- \/ Yoast SEO plugin. -->","yoast_head_json":{"robots":{"index":"index","follow":"follow","max-snippet":"max-snippet:-1","max-image-preview":"max-image-preview:large","max-video-preview":"max-video-preview:-1"},"canonical":"https:\/\/www.legal-tech-tipps.de\/anwalt\/datenschutz\/","twitter_misc":{"Gesch\u00e4tzte Lesezeit":"3 Minuten"},"schema":{"@context":"https:\/\/schema.org","@graph":[{"@type":"WebSite","@id":"https:\/\/www.legal-tech-tipps.de\/anwalt\/#website","url":"https:\/\/www.legal-tech-tipps.de\/anwalt\/","name":"Legal-Tech-Tipps f\u00fcr Anw\u00e4lte","description":"","potentialAction":[{"@type":"SearchAction","target":{"@type":"EntryPoint","urlTemplate":"https:\/\/www.legal-tech-tipps.de\/anwalt\/?s={search_term_string}"},"query-input":"required name=search_term_string"}],"inLanguage":"de-DE"},{"@type":"WebPage","@id":"https:\/\/www.legal-tech-tipps.de\/anwalt\/datenschutz\/#webpage","url":"https:\/\/www.legal-tech-tipps.de\/anwalt\/datenschutz\/","name":"Datenschutzerkl\u00e4rung - Legal-Tech-Tipps f\u00fcr Anw\u00e4lte","isPartOf":{"@id":"https:\/\/www.legal-tech-tipps.de\/anwalt\/#website"},"datePublished":"2020-07-18T07:42:54+00:00","dateModified":"2022-10-21T12:06:20+00:00","breadcrumb":{"@id":"https:\/\/www.legal-tech-tipps.de\/anwalt\/datenschutz\/#breadcrumb"},"inLanguage":"de-DE","potentialAction":[{"@type":"ReadAction","target":["https:\/\/www.legal-tech-tipps.de\/anwalt\/datenschutz\/"]}]},{"@type":"BreadcrumbList","@id":"https:\/\/www.legal-tech-tipps.de\/anwalt\/datenschutz\/#breadcrumb","itemListElement":[{"@type":"ListItem","position":1,"name":"\u00dcbersicht","item":"https:\/\/www.legal-tech-tipps.de\/anwalt\/"},{"@type":"ListItem","position":2,"name":"Datenschutzerkl\u00e4rung"}]}]}},"_links":{"self":[{"href":"https:\/\/www.legal-tech-tipps.de\/anwalt\/wp-json\/wp\/v2\/pages\/1609"}],"collection":[{"href":"https:\/\/www.legal-tech-tipps.de\/anwalt\/wp-json\/wp\/v2\/pages"}],"about":[{"href":"https:\/\/www.legal-tech-tipps.de\/anwalt\/wp-json\/wp\/v2\/types\/page"}],"author":[{"embeddable":true,"href":"https:\/\/www.legal-tech-tipps.de\/anwalt\/wp-json\/wp\/v2\/users\/3"}],"replies":[{"embeddable":true,"href":"https:\/\/www.legal-tech-tipps.de\/anwalt\/wp-json\/wp\/v2\/comments?post=1609"}],"version-history":[{"count":12,"href":"https:\/\/www.legal-tech-tipps.de\/anwalt\/wp-json\/wp\/v2\/pages\/1609\/revisions"}],"predecessor-version":[{"id":1767,"href":"https:\/\/www.legal-tech-tipps.de\/anwalt\/wp-json\/wp\/v2\/pages\/1609\/revisions\/1767"}],"wp:attachment":[{"href":"https:\/\/www.legal-tech-tipps.de\/anwalt\/wp-json\/wp\/v2\/media?parent=1609"}],"curies":[{"name":"wp","href":"https:\/\/api.w.org\/{rel}","templated":true}]}}