

{"id":1386,"date":"2017-12-03T08:01:51","date_gmt":"2017-12-03T08:01:51","guid":{"rendered":"http:\/\/www.legal-tech-tipps.de\/anwalt\/?page_id=1386"},"modified":"2017-12-03T08:15:36","modified_gmt":"2017-12-03T08:15:36","slug":"ueber-legal-tech-tipps-de","status":"publish","type":"page","link":"https:\/\/www.legal-tech-tipps.de\/anwalt\/ueber-legal-tech-tipps-de\/","title":{"rendered":"\u00dcber legal-tech-tipps.de"},"content":{"rendered":"<h3 style=\"text-align: justify;\"><strong>Legal-Tech-Tipps f\u00fcr Anw\u00e4lte<\/strong><\/h3>\n<p>&nbsp;<\/p>\n<p>Das Wort <strong>Legal Tech<\/strong> ist derzeit in der Rechtsanwaltsbranche in aller Munde. Der Begriff <strong>Legal Tech<\/strong> ist abgeleitet aus <strong>Legal Services<\/strong> und <strong>Technology<\/strong>.<\/p>\n<p>Hierunter l\u00e4sst sich im weitesten Sinne jedes technische (digitale) Hilfsmittel verstehen, welches dazu gedacht, die Prozesse bei der Erbringung von Rechtsdienstleistungen zu erleichtern bzw. zu optimieren.<\/p>\n<p>Unter <strong>legal-tech-tipps.de<\/strong> finden Sie <strong>Tipps zu Legal-Tech-Produkten f\u00fcr Anw\u00e4lte<\/strong> &#8211; bew\u00e4hrt in der anwaltlichen Praxis oder mit Zukunftspotential.<\/p>\n<p><strong>legal-tech-tipps.de<\/strong> ist ein Service-Angebot von <a href=\"http:\/\/www.balanceplanner.com\" target=\"_blank\" rel=\"noopener\"><strong>balanceplanner.com<\/strong><\/a>.<\/p>\n<p>&nbsp;<\/p>\n<h5 style=\"text-align: justify;\"><strong>\u00a0<\/strong><\/h5>\n","protected":false},"excerpt":{"rendered":"<p>Legal-Tech-Tipps f\u00fcr Anw\u00e4lte &nbsp; Das Wort Legal Tech ist derzeit in der Rechtsanwaltsbranche in aller Munde. Der Begriff Legal Tech ist abgeleitet aus Legal Services und Technology. Hierunter l\u00e4sst sich im weitesten Sinne jedes technische (digitale) Hilfsmittel verstehen, welches dazu gedacht, die Prozesse bei der Erbringung von Rechtsdienstleistungen zu erleichtern bzw. zu optimieren. Unter legal-tech-tipps.de [&hellip;]<\/p>\n","protected":false},"author":1,"featured_media":0,"parent":0,"menu_order":0,"comment_status":"closed","ping_status":"closed","template":"","meta":{"footnotes":""},"yoast_head":"<!-- This site is optimized with the Yoast SEO plugin v17.8 - https:\/\/yoast.com\/wordpress\/plugins\/seo\/ -->\n<meta name=\"robots\" content=\"index, follow, max-snippet:-1, max-image-preview:large, max-video-preview:-1\" \/>\n<link rel=\"canonical\" href=\"https:\/\/www.legal-tech-tipps.de\/anwalt\/ueber-legal-tech-tipps-de\/\" \/>\n<script type=\"application\/ld+json\" class=\"yoast-schema-graph\">{\"@context\":\"https:\/\/schema.org\",\"@graph\":[{\"@type\":\"WebSite\",\"@id\":\"https:\/\/www.legal-tech-tipps.de\/anwalt\/#website\",\"url\":\"https:\/\/www.legal-tech-tipps.de\/anwalt\/\",\"name\":\"Legal-Tech-Tipps f\\u00fcr Anw\\u00e4lte\",\"description\":\"\",\"potentialAction\":[{\"@type\":\"SearchAction\",\"target\":{\"@type\":\"EntryPoint\",\"urlTemplate\":\"https:\/\/www.legal-tech-tipps.de\/anwalt\/?s={search_term_string}\"},\"query-input\":\"required name=search_term_string\"}],\"inLanguage\":\"de-DE\"},{\"@type\":\"WebPage\",\"@id\":\"https:\/\/www.legal-tech-tipps.de\/anwalt\/ueber-legal-tech-tipps-de\/#webpage\",\"url\":\"https:\/\/www.legal-tech-tipps.de\/anwalt\/ueber-legal-tech-tipps-de\/\",\"name\":\"\\u00dcber legal-tech-tipps.de - Legal-Tech-Tipps f\\u00fcr Anw\\u00e4lte\",\"isPartOf\":{\"@id\":\"https:\/\/www.legal-tech-tipps.de\/anwalt\/#website\"},\"datePublished\":\"2017-12-03T08:01:51+00:00\",\"dateModified\":\"2017-12-03T08:15:36+00:00\",\"breadcrumb\":{\"@id\":\"https:\/\/www.legal-tech-tipps.de\/anwalt\/ueber-legal-tech-tipps-de\/#breadcrumb\"},\"inLanguage\":\"de-DE\",\"potentialAction\":[{\"@type\":\"ReadAction\",\"target\":[\"https:\/\/www.legal-tech-tipps.de\/anwalt\/ueber-legal-tech-tipps-de\/\"]}]},{\"@type\":\"BreadcrumbList\",\"@id\":\"https:\/\/www.legal-tech-tipps.de\/anwalt\/ueber-legal-tech-tipps-de\/#breadcrumb\",\"itemListElement\":[{\"@type\":\"ListItem\",\"position\":1,\"name\":\"\\u00dcbersicht\",\"item\":\"https:\/\/www.legal-tech-tipps.de\/anwalt\/\"},{\"@type\":\"ListItem\",\"position\":2,\"name\":\"\\u00dcber legal-tech-tipps.de\"}]}]}<\/script>\n<!-- \/ Yoast SEO plugin. -->","yoast_head_json":{"robots":{"index":"index","follow":"follow","max-snippet":"max-snippet:-1","max-image-preview":"max-image-preview:large","max-video-preview":"max-video-preview:-1"},"canonical":"https:\/\/www.legal-tech-tipps.de\/anwalt\/ueber-legal-tech-tipps-de\/","schema":{"@context":"https:\/\/schema.org","@graph":[{"@type":"WebSite","@id":"https:\/\/www.legal-tech-tipps.de\/anwalt\/#website","url":"https:\/\/www.legal-tech-tipps.de\/anwalt\/","name":"Legal-Tech-Tipps f\u00fcr Anw\u00e4lte","description":"","potentialAction":[{"@type":"SearchAction","target":{"@type":"EntryPoint","urlTemplate":"https:\/\/www.legal-tech-tipps.de\/anwalt\/?s={search_term_string}"},"query-input":"required name=search_term_string"}],"inLanguage":"de-DE"},{"@type":"WebPage","@id":"https:\/\/www.legal-tech-tipps.de\/anwalt\/ueber-legal-tech-tipps-de\/#webpage","url":"https:\/\/www.legal-tech-tipps.de\/anwalt\/ueber-legal-tech-tipps-de\/","name":"\u00dcber legal-tech-tipps.de - Legal-Tech-Tipps f\u00fcr Anw\u00e4lte","isPartOf":{"@id":"https:\/\/www.legal-tech-tipps.de\/anwalt\/#website"},"datePublished":"2017-12-03T08:01:51+00:00","dateModified":"2017-12-03T08:15:36+00:00","breadcrumb":{"@id":"https:\/\/www.legal-tech-tipps.de\/anwalt\/ueber-legal-tech-tipps-de\/#breadcrumb"},"inLanguage":"de-DE","potentialAction":[{"@type":"ReadAction","target":["https:\/\/www.legal-tech-tipps.de\/anwalt\/ueber-legal-tech-tipps-de\/"]}]},{"@type":"BreadcrumbList","@id":"https:\/\/www.legal-tech-tipps.de\/anwalt\/ueber-legal-tech-tipps-de\/#breadcrumb","itemListElement":[{"@type":"ListItem","position":1,"name":"\u00dcbersicht","item":"https:\/\/www.legal-tech-tipps.de\/anwalt\/"},{"@type":"ListItem","position":2,"name":"\u00dcber legal-tech-tipps.de"}]}]}},"_links":{"self":[{"href":"https:\/\/www.legal-tech-tipps.de\/anwalt\/wp-json\/wp\/v2\/pages\/1386"}],"collection":[{"href":"https:\/\/www.legal-tech-tipps.de\/anwalt\/wp-json\/wp\/v2\/pages"}],"about":[{"href":"https:\/\/www.legal-tech-tipps.de\/anwalt\/wp-json\/wp\/v2\/types\/page"}],"author":[{"embeddable":true,"href":"https:\/\/www.legal-tech-tipps.de\/anwalt\/wp-json\/wp\/v2\/users\/1"}],"replies":[{"embeddable":true,"href":"https:\/\/www.legal-tech-tipps.de\/anwalt\/wp-json\/wp\/v2\/comments?post=1386"}],"version-history":[{"count":3,"href":"https:\/\/www.legal-tech-tipps.de\/anwalt\/wp-json\/wp\/v2\/pages\/1386\/revisions"}],"predecessor-version":[{"id":1389,"href":"https:\/\/www.legal-tech-tipps.de\/anwalt\/wp-json\/wp\/v2\/pages\/1386\/revisions\/1389"}],"wp:attachment":[{"href":"https:\/\/www.legal-tech-tipps.de\/anwalt\/wp-json\/wp\/v2\/media?parent=1386"}],"curies":[{"name":"wp","href":"https:\/\/api.w.org\/{rel}","templated":true}]}}